{"id":41125,"date":"2026-04-26T11:32:19","date_gmt":"2026-04-26T16:32:19","guid":{"rendered":"https:\/\/redphoenix.news\/?page_id=41125"},"modified":"2026-04-27T19:37:31","modified_gmt":"2026-04-28T00:37:31","slug":"about","status":"publish","type":"page","link":"https:\/\/redphoenix.news\/es\/about\/","title":{"rendered":"Acerca de"},"content":{"rendered":"<h2 class=\"wp-block-heading\">Sobre nosotros<\/h2>\n\n\n\n<div class=\"wp-block-group has-global-padding is-layout-constrained wp-block-group-is-layout-constrained\">\n<div class=\"wp-block-columns is-layout-flex wp-container-core-columns-is-layout-e3281e16 wp-block-columns-is-layout-flex\" style=\"padding-top:var(--wp--preset--spacing--x-small);padding-right:var(--wp--preset--spacing--medium);padding-bottom:var(--wp--preset--spacing--x-small);padding-left:var(--wp--preset--spacing--medium)\">\n<div class=\"wp-block-column has-small-font-size is-layout-flow wp-block-column-is-layout-flow\">\n<figure class=\"wp-block-image size-full\"><img data-recalc-dims=\"1\" decoding=\"async\" width=\"600\" height=\"470\" loading=\"lazy\" src=\"https:\/\/i0.wp.com\/redphoenix.news\/wp-content\/uploads\/2026\/04\/rp-collage-2026.png?resize=600%2C470&#038;ssl=1\" alt=\"\" class=\"wp-image-41126\" srcset=\"https:\/\/i0.wp.com\/redphoenix.news\/wp-content\/uploads\/2026\/04\/rp-collage-2026.png?w=600&amp;ssl=1 600w, https:\/\/i0.wp.com\/redphoenix.news\/wp-content\/uploads\/2026\/04\/rp-collage-2026.png?resize=300%2C235&amp;ssl=1 300w\" sizes=\"auto, (max-width: 600px) 100vw, 600px\" \/><\/figure>\n\n\n\n<p class=\"has-senary-background-color has-background has-small-font-size\">Si desea contribuir con un art\u00edculo, una obra de arte o una correcci\u00f3n, o ponerse en contacto con los editores por cualquier motivo, utilice nuestro formulario de contacto.&nbsp;<a href=\"https:\/\/redphoenix.news\/es\/contact\/\">formulario de contacto<\/a>.<\/p>\n\n\n\n<p class=\"has-senary-background-color has-background has-small-font-size\">Somos una organizaci\u00f3n de voluntarios y todos los fondos se destinan directamente a nuestro trabajo. \u00a1Sin \u00e1nimo de lucro, nunca! Para apoyarnos puedes <a href=\"\/es\/shop\/\">Adquiera una suscripci\u00f3n impresa o mercanc\u00eda.<\/a>, o hacer un <a href=\"https:\/\/www.paypal.com\/paypalme\/MELSH1917\" target=\"_blank\" rel=\"noreferrer noopener\">donaci\u00f3n directa<\/a>.<\/p>\n\n\n\n<figure class=\"wp-block-pullquote has-normal-font-size\" style=\"padding-top:0;padding-right:var(--wp--preset--spacing--medium);padding-bottom:0;padding-left:var(--wp--preset--spacing--medium)\"><blockquote><p>\u201cY no cabe esperar otra actitud, porque&nbsp;<strong>No puede existir una ciencia social &quot;imparcial&quot; en una sociedad basada en la lucha de clases.<\/strong>. De una forma u otra, toda la ciencia oficial y liberal defiende la esclavitud salarial, mientras que el marxismo ha declarado una guerra implacable contra esa esclavitud.\u201d<\/p><cite>V. I. Lenin, \u201cLas tres fuentes y los tres componentes del marxismo\u201d.\u201d<\/cite><\/blockquote><\/figure>\n<\/div>\n\n\n\n<div class=\"wp-block-column is-layout-flow wp-block-column-is-layout-flow\">\n<p class=\"has-senary-background-color has-background has-small-font-size\"><em>El F\u00e9nix Rojo<\/em>&nbsp;Est\u00e1 dirigido a trabajadores progresistas, activistas y a todas las personas que luchan con firmeza contra la guerra capitalista que atenta contra los pobres y los oprimidos. Nuestras posturas pol\u00edticas se basan en una perspectiva de clase y nuestros escritos sirven como medio para expresar ese sentimiento.<br><br><em>El F\u00e9nix Rojo<\/em>&nbsp;es la voz de las masas&nbsp;<a href=\"https:\/\/americanpartyoflabor.com\" target=\"_blank\" rel=\"noreferrer noopener\">Partido Laborista Estadounidense<\/a>, publicado en l\u00ednea desde 2009 e impreso bimestralmente desde 2018. Somos un peri\u00f3dico dedicado a brindar una perspectiva creativa y original sobre lo que sucede en los Estados Unidos y en todo el mundo. Junto con el an\u00e1lisis de noticias importantes, eventos, rese\u00f1as y comentarios, el peri\u00f3dico tambi\u00e9n incluye entrevistas y cartas de trabajadores de todo el pa\u00eds. El objetivo de <em>El F\u00e9nix Rojo<\/em> Su objetivo es proporcionar una plataforma para trabajadores de todo tipo, sin los sesgos ni la manipulaci\u00f3n de los medios de comunicaci\u00f3n corporativos.<br><br>El<em>&nbsp;F\u00e9nix Rojo<\/em>&nbsp;no desea dar un enfoque \u201cimparcial\u201d a las cuestiones en cuesti\u00f3n. Apoyamos todos los desaf\u00edos y movimientos que la clase trabajadora del mundo emprende para derrocar las condiciones existentes en las naciones capitalistas. Los escritores de <em>El F\u00e9nix Rojo<\/em>&nbsp;Conforman una comunidad diversa de trabajadores, estudiantes, organizadores y todos aquellos que luchan contra el capitalismo y sus efectos secundarios.<\/p>\n<\/div>\n<\/div>\n\n\n\n<div class=\"wp-block-group has-senary-background-color has-background has-global-padding is-layout-constrained wp-container-core-group-is-layout-ce6cbc81 wp-block-group-is-layout-constrained\" style=\"padding-top:var(--wp--preset--spacing--small);padding-right:var(--wp--preset--spacing--xx-large);padding-bottom:var(--wp--preset--spacing--small);padding-left:var(--wp--preset--spacing--xx-large)\">\n<h6 class=\"wp-block-heading has-senary-background-color has-background\" style=\"padding-top:0;padding-right:var(--wp--preset--spacing--medium);padding-bottom:0;padding-left:var(--wp--preset--spacing--medium)\"><span style=\"text-decoration: underline;\">Editor en jefe:<\/span> Junio Vass<br><span style=\"text-decoration: underline;\">Editor adjunto:<\/span> Maurice Brunson<br><span style=\"text-decoration: underline;\">Personal:<\/span> Allison P., John M., Mike M., Misha G., R. Nesbitt<br><br><span style=\"text-decoration: underline;\">Consejo Editorial:<\/span> Camilo Lazo, Victor Vaughn, June Vass, Sebastian Lemba, Nadya H., Colosio, Eris Rosenburg, Maurice Brunson, Isabelle Bernardi.<\/h6>\n\n\n\n<div class=\"wp-block-group has-global-padding is-layout-constrained wp-block-group-is-layout-constrained\">\n<p class=\"has-senary-background-color has-background has-new-century-schoolbook-font-family has-small-font-size\">Aceptamos donaciones de libros usados en buen estado para vender en nuestra tienda. No dude en enviarnos el suyo a:<\/p>\n\n\n\n<p class=\"has-text-align-center has-senary-background-color has-background has-new-century-schoolbook-font-family has-small-font-size\"><strong>Red Phoenix Publishing LLC<br>Apartado de correos 607087<br>Orlando, FL 32860<\/strong><\/p>\n<\/div>\n\n\n\n<p class=\"has-senary-background-color has-background has-x-small-font-size\"><strong>Descargo de responsabilidad:&nbsp;<\/strong>Otros sitios y organizaciones pueden enlazar a <em>El F\u00e9nix Rojo&nbsp;<\/em>o al sitio web del Partido Laborista Estadounidense, o pueden reimprimir los art\u00edculos que se encuentran aqu\u00ed. No necesariamente respaldamos las opiniones de esos sitios u organizaciones de ninguna manera. Adem\u00e1s, los art\u00edculos publicados antes de 2017, especialmente aquellos que fueron reimpresos de fuentes externas, pueden no reflejar las opiniones de nuestra organizaci\u00f3n bajo el editor actual de <em>El F\u00e9nix Rojo<\/em>&nbsp;o el liderazgo del Partido Laborista Estadounidense.<\/p>\n<\/div>\n<\/div>\n\n\n\n<p class=\"\"><\/p>","protected":false},"excerpt":{"rendered":"<p>About us If you would like to contribute an article, artwork, or correction, or to reach the editors for any reason, please use our&nbsp;contact form&#8230;<\/p>","protected":false},"author":7,"featured_media":41126,"parent":0,"menu_order":0,"comment_status":"closed","ping_status":"closed","template":"page-right-sidebar","meta":{"nf_dc_page":"","_monsterinsights_skip_tracking":false,"_monsterinsights_sitenote_active":false,"_monsterinsights_sitenote_note":"","_monsterinsights_sitenote_category":0,"jetpack_post_was_ever_published":false,"footnotes":""},"class_list":["post-41125","page","type-page","status-publish","has-post-thumbnail","hentry"],"jetpack_sharing_enabled":true,"_links":{"self":[{"href":"https:\/\/redphoenix.news\/es\/wp-json\/wp\/v2\/pages\/41125","targetHints":{"allow":["GET"]}}],"collection":[{"href":"https:\/\/redphoenix.news\/es\/wp-json\/wp\/v2\/pages"}],"about":[{"href":"https:\/\/redphoenix.news\/es\/wp-json\/wp\/v2\/types\/page"}],"author":[{"embeddable":true,"href":"https:\/\/redphoenix.news\/es\/wp-json\/wp\/v2\/users\/7"}],"replies":[{"embeddable":true,"href":"https:\/\/redphoenix.news\/es\/wp-json\/wp\/v2\/comments?post=41125"}],"version-history":[{"count":20,"href":"https:\/\/redphoenix.news\/es\/wp-json\/wp\/v2\/pages\/41125\/revisions"}],"predecessor-version":[{"id":41483,"href":"https:\/\/redphoenix.news\/es\/wp-json\/wp\/v2\/pages\/41125\/revisions\/41483"}],"wp:featuredmedia":[{"embeddable":true,"href":"https:\/\/redphoenix.news\/es\/wp-json\/wp\/v2\/media\/41126"}],"wp:attachment":[{"href":"https:\/\/redphoenix.news\/es\/wp-json\/wp\/v2\/media?parent=41125"}],"curies":[{"name":"wp","href":"https:\/\/api.w.org\/{rel}","templated":true}]}}