{"id":41461,"date":"2026-04-27T23:45:47","date_gmt":"2026-04-28T04:45:47","guid":{"rendered":"https:\/\/redphoenix.news\/?page_id=41461"},"modified":"2026-04-28T00:04:03","modified_gmt":"2026-04-28T05:04:03","slug":"privacy-policy","status":"publish","type":"page","link":"https:\/\/redphoenix.news\/es\/privacy-policy\/","title":{"rendered":"pol\u00edtica de privacidad"},"content":{"rendered":"<h1 class=\"wp-block-heading\">pol\u00edtica de privacidad<\/h1>\n\n\n\n<h2 class=\"wp-block-heading\">Informaci\u00f3n que se recopila de los visitantes<\/h2>\n\n\n\n<p class=\"\">Al igual que otros sitios web, los archivos de registro se almacenan en el servidor web, guardando detalles como la direcci\u00f3n IP del visitante, el tipo de navegador, la p\u00e1gina de referencia y la hora de la visita.<\/p>\n\n\n\n<p class=\"\">Es posible que se utilicen cookies para recordar las preferencias de los visitantes al interactuar con el sitio web.<\/p>\n\n\n\n<p class=\"\">En los casos en que se requiera registro, el correo electr\u00f3nico del visitante y un nombre de usuario se almacenar\u00e1n en el servidor.<\/p>\n\n\n\n<h2 class=\"wp-block-heading\">C\u00f3mo se utiliza la informaci\u00f3n<\/h2>\n\n\n\n<p class=\"\">Esta informaci\u00f3n se utiliza para mejorar la experiencia del visitante al usar el sitio web, mostrando contenido personalizado y, posiblemente, publicidad.<\/p>\n\n\n\n<p class=\"\">Las direcciones de correo electr\u00f3nico no se vender\u00e1n, alquilar\u00e1n ni ceder\u00e1n a terceros.<\/p>\n\n\n\n<p class=\"\">Es posible que le enviemos correos electr\u00f3nicos para informarle sobre novedades de nuestros servicios u ofertas, tanto nuestras como de nuestras empresas afiliadas.<\/p>\n\n\n\n<h2 class=\"wp-block-heading\">Opciones para visitantes<\/h2>\n\n\n\n<p class=\"\">Si te has suscrito a alguno de nuestros servicios, puedes darte de baja siguiendo las instrucciones que se incluyen en el correo electr\u00f3nico que recibas.<\/p>\n\n\n\n<p class=\"\">Es posible que puedas bloquear las cookies a trav\u00e9s de la configuraci\u00f3n de tu navegador, pero esto podr\u00eda impedirte acceder a ciertas funciones del sitio web.<\/p>\n\n\n\n<h2 class=\"wp-block-heading\">Galletas<\/h2>\n\n\n\n<p class=\"\">Las cookies son peque\u00f1os archivos de firma digital que almacena tu navegador y que permiten registrar tus preferencias al visitar el sitio web. Tambi\u00e9n pueden utilizarse para rastrear tus visitas posteriores al sitio.<\/p>\n\n\n\n<p class=\"\">Las empresas de publicidad de terceros tambi\u00e9n pueden utilizar cookies con fines de seguimiento.<\/p>","protected":false},"excerpt":{"rendered":"<p>Privacy Policy Information that is gathered from visitors In common with other websites, log files are stored on the web server saving details such as..<\/p>","protected":false},"author":7,"featured_media":0,"parent":0,"menu_order":0,"comment_status":"closed","ping_status":"closed","template":"page-right-sidebar","meta":{"nf_dc_page":"","_monsterinsights_skip_tracking":false,"_monsterinsights_sitenote_active":false,"_monsterinsights_sitenote_note":"","_monsterinsights_sitenote_category":0,"jetpack_post_was_ever_published":false,"footnotes":""},"class_list":["post-41461","page","type-page","status-publish","hentry"],"jetpack_sharing_enabled":true,"_links":{"self":[{"href":"https:\/\/redphoenix.news\/es\/wp-json\/wp\/v2\/pages\/41461","targetHints":{"allow":["GET"]}}],"collection":[{"href":"https:\/\/redphoenix.news\/es\/wp-json\/wp\/v2\/pages"}],"about":[{"href":"https:\/\/redphoenix.news\/es\/wp-json\/wp\/v2\/types\/page"}],"author":[{"embeddable":true,"href":"https:\/\/redphoenix.news\/es\/wp-json\/wp\/v2\/users\/7"}],"replies":[{"embeddable":true,"href":"https:\/\/redphoenix.news\/es\/wp-json\/wp\/v2\/comments?post=41461"}],"version-history":[{"count":2,"href":"https:\/\/redphoenix.news\/es\/wp-json\/wp\/v2\/pages\/41461\/revisions"}],"predecessor-version":[{"id":41553,"href":"https:\/\/redphoenix.news\/es\/wp-json\/wp\/v2\/pages\/41461\/revisions\/41553"}],"wp:attachment":[{"href":"https:\/\/redphoenix.news\/es\/wp-json\/wp\/v2\/media?parent=41461"}],"curies":[{"name":"wp","href":"https:\/\/api.w.org\/{rel}","templated":true}]}}