{"id":41534,"date":"2026-04-27T23:46:46","date_gmt":"2026-04-28T04:46:46","guid":{"rendered":"https:\/\/redphoenix.news\/?page_id=41534"},"modified":"2026-04-28T08:08:18","modified_gmt":"2026-04-28T13:08:18","slug":"past-issues","status":"publish","type":"page","link":"https:\/\/redphoenix.news\/es\/past-issues\/","title":{"rendered":"Past Issues"},"content":{"rendered":"<h2 class=\"wp-block-heading\">Ediciones impresas anteriores<\/h2>\n\n\n\n<div class=\"wp-block-group has-global-padding is-layout-constrained wp-block-group-is-layout-constrained\">\n<div class=\"wp-block-columns is-layout-flex wp-container-core-columns-is-layout-e3281e16 wp-block-columns-is-layout-flex\" style=\"padding-top:var(--wp--preset--spacing--x-small);padding-right:var(--wp--preset--spacing--medium);padding-bottom:var(--wp--preset--spacing--x-small);padding-left:var(--wp--preset--spacing--medium)\">\n<div class=\"wp-block-column has-small-font-size is-layout-flow wp-block-column-is-layout-flow\">\n<p class=\"has-senary-background-color has-background has-small-font-size\">A continuaci\u00f3n encontrar\u00e1 archivos .PDF gratuitos de todos los n\u00fameros anteriores de <em>El F\u00e9nix Rojo<\/em> Edici\u00f3n impresa. \u00a1Les animamos a compartirla en l\u00ednea o a imprimirla y distribuirla!<\/p>\n\n\n\n<p class=\"has-senary-background-color has-background has-small-font-size\">Somos una organizaci\u00f3n de voluntarios y todos los fondos se destinan directamente a nuestro trabajo. \u00a1Sin \u00e1nimo de lucro, nunca! Para apoyarnos puedes <a href=\"\/es\/shop\/\">Adquiera una suscripci\u00f3n impresa o mercanc\u00eda.<\/a>, o hacer un <a href=\"https:\/\/www.paypal.com\/paypalme\/MELSH1917\" target=\"_blank\" rel=\"noreferrer noopener\">donaci\u00f3n directa<\/a>. Tambi\u00e9n damos la bienvenida a escritores invitados. <a href=\"\/es\/contact\/\">Contribuir con art\u00edculos<\/a>!<\/p>\n<\/div>\n<\/div>\n\n\n\n<div class=\"wp-block-columns is-layout-flex wp-container-core-columns-is-layout-28f84493 wp-block-columns-is-layout-flex\">\n<div class=\"wp-block-column is-layout-flow wp-block-column-is-layout-flow\">\n<div class=\"wp-block-group has-senary-background-color has-background has-global-padding is-layout-constrained wp-container-core-group-is-layout-ce6cbc81 wp-block-group-is-layout-constrained\" style=\"padding-top:var(--wp--preset--spacing--small);padding-right:var(--wp--preset--spacing--xx-large);padding-bottom:var(--wp--preset--spacing--small);padding-left:var(--wp--preset--spacing--xx-large)\">\n<h2 class=\"wp-block-heading has-senary-background-color has-background\">2026:<\/h2>\n\n\n\n<figure class=\"wp-block-image size-large\"><img data-recalc-dims=\"1\" decoding=\"async\" width=\"808\" height=\"1024\" loading=\"lazy\" src=\"https:\/\/i0.wp.com\/redphoenix.news\/wp-content\/uploads\/2026\/04\/RP40_cover.png?resize=808%2C1024&#038;ssl=1\" alt=\"\" class=\"wp-image-41363\" srcset=\"https:\/\/i0.wp.com\/redphoenix.news\/wp-content\/uploads\/2026\/04\/RP40_cover-scaled.png?resize=808%2C1024&amp;ssl=1 808w, https:\/\/i0.wp.com\/redphoenix.news\/wp-content\/uploads\/2026\/04\/RP40_cover-scaled.png?resize=237%2C300&amp;ssl=1 237w, https:\/\/i0.wp.com\/redphoenix.news\/wp-content\/uploads\/2026\/04\/RP40_cover-scaled.png?resize=768%2C973&amp;ssl=1 768w, https:\/\/i0.wp.com\/redphoenix.news\/wp-content\/uploads\/2026\/04\/RP40_cover-scaled.png?resize=1212%2C1536&amp;ssl=1 1212w, https:\/\/i0.wp.com\/redphoenix.news\/wp-content\/uploads\/2026\/04\/RP40_cover-scaled.png?resize=1617%2C2048&amp;ssl=1 1617w, https:\/\/i0.wp.com\/redphoenix.news\/wp-content\/uploads\/2026\/04\/RP40_cover-scaled.png?resize=940%2C1191&amp;ssl=1 940w, https:\/\/i0.wp.com\/redphoenix.news\/wp-content\/uploads\/2026\/04\/RP40_cover-scaled.png?w=2021&amp;ssl=1 2021w\" sizes=\"auto, (max-width: 808px) 100vw, 808px\" \/><\/figure>\n\n\n\n<div class=\"wp-block-file\"><a id=\"wp-block-file--media-2b3d1eaf-7fd6-4e0d-932b-8afa3bf93f9f\" href=\"https:\/\/redphoenix.news\/wp-content\/uploads\/2026\/04\/RP-40-Jan-2026.pdf\">RP #40 enero 2026<\/a><\/div>\n<\/div>\n<\/div>\n\n\n\n<div class=\"wp-block-column is-layout-flow wp-block-column-is-layout-flow\">\n<div class=\"wp-block-group has-senary-background-color has-background has-global-padding is-layout-constrained wp-container-core-group-is-layout-ce6cbc81 wp-block-group-is-layout-constrained\" style=\"padding-top:var(--wp--preset--spacing--small);padding-right:var(--wp--preset--spacing--xx-large);padding-bottom:var(--wp--preset--spacing--small);padding-left:var(--wp--preset--spacing--xx-large)\">\n<h2 class=\"wp-block-heading has-senary-background-color has-background\">Especiales:<\/h2>\n\n\n\n<figure class=\"wp-block-image size-large\"><img data-recalc-dims=\"1\" decoding=\"async\" width=\"790\" height=\"1024\" loading=\"lazy\" src=\"https:\/\/i0.wp.com\/redphoenix.news\/wp-content\/uploads\/2026\/04\/RP-Special-Fascism-Trumpism-cover.png?resize=790%2C1024&#038;ssl=1\" alt=\"\" class=\"wp-image-41585\" srcset=\"https:\/\/i0.wp.com\/redphoenix.news\/wp-content\/uploads\/2026\/04\/RP-Special-Fascism-Trumpism-cover-scaled.png?resize=790%2C1024&amp;ssl=1 790w, https:\/\/i0.wp.com\/redphoenix.news\/wp-content\/uploads\/2026\/04\/RP-Special-Fascism-Trumpism-cover-scaled.png?resize=231%2C300&amp;ssl=1 231w, https:\/\/i0.wp.com\/redphoenix.news\/wp-content\/uploads\/2026\/04\/RP-Special-Fascism-Trumpism-cover-scaled.png?resize=768%2C995&amp;ssl=1 768w, https:\/\/i0.wp.com\/redphoenix.news\/wp-content\/uploads\/2026\/04\/RP-Special-Fascism-Trumpism-cover-scaled.png?resize=1185%2C1536&amp;ssl=1 1185w, https:\/\/i0.wp.com\/redphoenix.news\/wp-content\/uploads\/2026\/04\/RP-Special-Fascism-Trumpism-cover-scaled.png?resize=1580%2C2048&amp;ssl=1 1580w, https:\/\/i0.wp.com\/redphoenix.news\/wp-content\/uploads\/2026\/04\/RP-Special-Fascism-Trumpism-cover-scaled.png?resize=1320%2C1711&amp;ssl=1 1320w, https:\/\/i0.wp.com\/redphoenix.news\/wp-content\/uploads\/2026\/04\/RP-Special-Fascism-Trumpism-cover-scaled.png?resize=940%2C1218&amp;ssl=1 940w, https:\/\/i0.wp.com\/redphoenix.news\/wp-content\/uploads\/2026\/04\/RP-Special-Fascism-Trumpism-cover-scaled.png?w=1975&amp;ssl=1 1975w\" sizes=\"auto, (max-width: 790px) 100vw, 790px\" \/><\/figure>\n\n\n\n<div class=\"wp-block-file\"><a id=\"wp-block-file--media-2c7f4734-2482-4c9c-b506-29e4a1a2a1fd\" href=\"https:\/\/redphoenix.news\/wp-content\/uploads\/2026\/04\/RP-Special-Fascism-Trumpism.pdf\">Fascismo y trumpismo (2025)<\/a><\/div>\n<\/div>\n<\/div>\n<\/div>\n\n\n\n<div class=\"wp-block-columns is-layout-flex wp-container-core-columns-is-layout-28f84493 wp-block-columns-is-layout-flex\">\n<div class=\"wp-block-column is-layout-flow wp-block-column-is-layout-flow\">\n<div class=\"wp-block-group has-senary-background-color has-background has-global-padding is-layout-constrained wp-container-core-group-is-layout-ce6cbc81 wp-block-group-is-layout-constrained\" style=\"padding-top:var(--wp--preset--spacing--small);padding-right:var(--wp--preset--spacing--xx-large);padding-bottom:var(--wp--preset--spacing--small);padding-left:var(--wp--preset--spacing--xx-large)\">\n<h2 class=\"wp-block-heading has-senary-background-color has-background\">2025:<\/h2>\n\n\n\n<div class=\"wp-block-file\"><a id=\"wp-block-file--media-26e87ef0-e084-4b2b-9075-e9d6698b4300\" href=\"https:\/\/redphoenix.news\/wp-content\/uploads\/2026\/04\/RP-39-Sep-2025.pdf\">RP #39 septiembre de 2025<\/a><\/div>\n\n\n\n<div class=\"wp-block-file\"><a id=\"wp-block-file--media-05eb7abe-d101-4714-938c-64b0c829395e\" href=\"https:\/\/redphoenix.news\/wp-content\/uploads\/2026\/04\/RP-38-July-2025.pdf\">RP #38 Julio 2025<\/a><\/div>\n\n\n\n<div class=\"wp-block-file\"><a id=\"wp-block-file--media-8aa944ab-0f5f-404a-bd62-5dfdcaf33d60\" href=\"https:\/\/redphoenix.news\/wp-content\/uploads\/2026\/04\/RP-37-Spring-2025.pdf\">RP #37 Primavera 2025<\/a><\/div>\n\n\n\n<div class=\"wp-block-file\"><a id=\"wp-block-file--media-2b3d1eaf-7fd6-4e0d-932b-8afa3bf93f9f\" href=\"https:\/\/redphoenix.news\/wp-content\/uploads\/2026\/04\/RP-36-Jan-2025.pdf\">RP #36 enero 2025<\/a><\/div>\n<\/div>\n<\/div>\n\n\n\n<div class=\"wp-block-column is-layout-flow wp-block-column-is-layout-flow\">\n<div class=\"wp-block-group has-senary-background-color has-background has-global-padding is-layout-constrained wp-container-core-group-is-layout-ce6cbc81 wp-block-group-is-layout-constrained\" style=\"padding-top:var(--wp--preset--spacing--small);padding-right:var(--wp--preset--spacing--xx-large);padding-bottom:var(--wp--preset--spacing--small);padding-left:var(--wp--preset--spacing--xx-large)\">\n<h2 class=\"wp-block-heading has-senary-background-color has-background\">2024:<\/h2>\n\n\n\n<div class=\"wp-block-file\"><a id=\"wp-block-file--media-415e65da-7415-4e5a-8780-15be177f45ff\" href=\"https:\/\/redphoenix.news\/wp-content\/uploads\/2026\/04\/RP-35-Nov-2024.pdf\">RP #35 Noviembre 2024<\/a><\/div>\n\n\n\n<div class=\"wp-block-file\"><a id=\"wp-block-file--media-268392f0-9d7b-4fb5-b8c2-70bf4986b9a3\" href=\"https:\/\/redphoenix.news\/wp-content\/uploads\/2026\/04\/RP-34-Sep-2024.pdf\">RP #34 septiembre de 2024<\/a><\/div>\n\n\n\n<div class=\"wp-block-file\"><a id=\"wp-block-file--media-bc755f8c-5193-4c38-9e8c-1ec9e27c8aeb\" href=\"https:\/\/redphoenix.news\/wp-content\/uploads\/2026\/04\/RP-33-July-2024.pdf\">RP #33 Julio 2024<\/a><\/div>\n\n\n\n<div class=\"wp-block-file\"><a id=\"wp-block-file--media-dcf86a2a-cc55-46e4-9a5d-70144f69c57f\" href=\"https:\/\/redphoenix.news\/wp-content\/uploads\/2026\/04\/RP-32-Mar-2024.pdf\">RP #32 Marzo 2024<\/a><\/div>\n\n\n\n<div class=\"wp-block-file\"><a id=\"wp-block-file--media-0061d0ab-96ba-447c-b957-bad15f3044cf\" href=\"https:\/\/redphoenix.news\/wp-content\/uploads\/2026\/04\/RP-31-Jan-2024.pdf\">RP #31 enero 2024<\/a><\/div>\n<\/div>\n<\/div>\n<\/div>\n\n\n\n<div class=\"wp-block-columns is-layout-flex wp-container-core-columns-is-layout-28f84493 wp-block-columns-is-layout-flex\">\n<div class=\"wp-block-column is-layout-flow wp-block-column-is-layout-flow\">\n<div class=\"wp-block-group has-senary-background-color has-background has-global-padding is-layout-constrained wp-container-core-group-is-layout-ce6cbc81 wp-block-group-is-layout-constrained\" style=\"padding-top:var(--wp--preset--spacing--small);padding-right:var(--wp--preset--spacing--xx-large);padding-bottom:var(--wp--preset--spacing--small);padding-left:var(--wp--preset--spacing--xx-large)\">\n<h2 class=\"wp-block-heading has-senary-background-color has-background\">2023:<\/h2>\n\n\n\n<div class=\"wp-block-file\"><a id=\"wp-block-file--media-1fb267f0-937a-4714-9359-feafe19d33cb\" href=\"https:\/\/redphoenix.news\/wp-content\/uploads\/2026\/04\/RP-30-Nov-2023.pdf\">RP #30 Nov 2023<\/a><\/div>\n\n\n\n<div class=\"wp-block-file\"><a id=\"wp-block-file--media-133fbf61-3125-4d23-a46d-4c6630352742\" href=\"https:\/\/redphoenix.news\/wp-content\/uploads\/2026\/04\/RP-29-Sep-2023.pdf\">RP #29 Sep 2023<\/a><\/div>\n\n\n\n<div class=\"wp-block-file\"><a id=\"wp-block-file--media-61b46a2e-37b9-4c96-a294-f7edaac6f46a\" href=\"https:\/\/redphoenix.news\/wp-content\/uploads\/2026\/04\/RP-28-July-2023.pdf\">RP #28 julio 2023<\/a><\/div>\n\n\n\n<div class=\"wp-block-file\"><a id=\"wp-block-file--media-01386ace-cce8-47e5-bbf9-5096fc2b66f4\" href=\"https:\/\/redphoenix.news\/wp-content\/uploads\/2026\/04\/RP-27-May-2023.pdf\">RP #27 Mayo 2023<\/a><\/div>\n\n\n\n<div class=\"wp-block-file\"><a id=\"wp-block-file--media-b3ca3ac0-b50a-41fc-b2ec-8fc9f2aead7a\" href=\"https:\/\/redphoenix.news\/wp-content\/uploads\/2026\/04\/RP-26-March-2023.pdf\">RP #26 de marzo de 2023<\/a><\/div>\n\n\n\n<div class=\"wp-block-file\"><a id=\"wp-block-file--media-e7aff541-9dc4-4885-a476-34c286caa6bd\" href=\"https:\/\/redphoenix.news\/wp-content\/uploads\/2026\/04\/RP-25-Jan-2023.pdf\">RP #25 enero 2023<\/a><\/div>\n<\/div>\n<\/div>\n\n\n\n<div class=\"wp-block-column is-layout-flow wp-block-column-is-layout-flow\">\n<div class=\"wp-block-group has-senary-background-color has-background has-global-padding is-layout-constrained wp-container-core-group-is-layout-ce6cbc81 wp-block-group-is-layout-constrained\" style=\"padding-top:var(--wp--preset--spacing--small);padding-right:var(--wp--preset--spacing--xx-large);padding-bottom:var(--wp--preset--spacing--small);padding-left:var(--wp--preset--spacing--xx-large)\">\n<h2 class=\"wp-block-heading has-senary-background-color has-background\">2022:<\/h2>\n\n\n\n<div class=\"wp-block-file\"><a id=\"wp-block-file--media-7508276a-d07d-4261-8aaf-ba9cea2cd3b3\" href=\"https:\/\/redphoenix.news\/wp-content\/uploads\/2026\/04\/RP-24-Fall-2022.pdf\">RP #24 Oto\u00f1o 2022<\/a><\/div>\n\n\n\n<div class=\"wp-block-file\"><a id=\"wp-block-file--media-84daa88a-09d7-4f49-8386-3ca1e1fcf9ab\" href=\"https:\/\/redphoenix.news\/wp-content\/uploads\/2026\/04\/RP-23-Apr-2022.pdf\">RP #23 Abr 2022<\/a><\/div>\n\n\n\n<div class=\"wp-block-file\"><a id=\"wp-block-file--media-96e4397c-9dbd-4bd2-a6f4-4939054daa23\" href=\"https:\/\/redphoenix.news\/wp-content\/uploads\/2026\/04\/RP-22-Feb-2022.pdf\">RP #22 Febrero 2022<\/a><\/div>\n<\/div>\n<\/div>\n<\/div>\n\n\n\n<div class=\"wp-block-columns is-layout-flex wp-container-core-columns-is-layout-28f84493 wp-block-columns-is-layout-flex\">\n<div class=\"wp-block-column is-layout-flow wp-block-column-is-layout-flow\">\n<div class=\"wp-block-group has-senary-background-color has-background has-global-padding is-layout-constrained wp-container-core-group-is-layout-ce6cbc81 wp-block-group-is-layout-constrained\" style=\"padding-top:var(--wp--preset--spacing--small);padding-right:var(--wp--preset--spacing--xx-large);padding-bottom:var(--wp--preset--spacing--small);padding-left:var(--wp--preset--spacing--xx-large)\">\n<h2 class=\"wp-block-heading has-senary-background-color has-background\">2021:<\/h2>\n\n\n\n<div class=\"wp-block-file\"><a id=\"wp-block-file--media-25f3a3d9-c346-41c1-8a90-944c75dd803b\" href=\"https:\/\/redphoenix.news\/wp-content\/uploads\/2026\/04\/RP-21-Dec-2021.pdf\">RP #21 Dic 2021<\/a><\/div>\n\n\n\n<div class=\"wp-block-file\"><a id=\"wp-block-file--media-ca05a97d-2a57-4f69-b6b8-c38aa3247ce1\" href=\"https:\/\/redphoenix.news\/wp-content\/uploads\/2026\/04\/RP-20-July-2021.pdf\">RP #20 Julio 2021<\/a><\/div>\n\n\n\n<div class=\"wp-block-file\"><a id=\"wp-block-file--media-7174efa5-6e32-4e28-8f6e-592909a45b17\" href=\"https:\/\/redphoenix.news\/wp-content\/uploads\/2026\/04\/RP-19-May-2021.pdf\">RP #19 Mayo 2021<\/a><\/div>\n\n\n\n<div class=\"wp-block-file\"><a id=\"wp-block-file--media-f1ca9093-8040-483e-887a-d2cb67a5ab16\" href=\"https:\/\/redphoenix.news\/wp-content\/uploads\/2026\/04\/RP-18-Mar-2021.pdf\">RP #18 Mar 2021<\/a><\/div>\n\n\n\n<div class=\"wp-block-file\"><a id=\"wp-block-file--media-366ca062-52da-41a0-a474-f6ff699fc4ab\" href=\"https:\/\/redphoenix.news\/wp-content\/uploads\/2026\/04\/RP-17-Jan-2021.pdf\">RP #17 enero 2021<\/a><\/div>\n<\/div>\n<\/div>\n\n\n\n<div class=\"wp-block-column is-layout-flow wp-block-column-is-layout-flow\">\n<div class=\"wp-block-group has-senary-background-color has-background has-global-padding is-layout-constrained wp-container-core-group-is-layout-ce6cbc81 wp-block-group-is-layout-constrained\" style=\"padding-top:var(--wp--preset--spacing--small);padding-right:var(--wp--preset--spacing--xx-large);padding-bottom:var(--wp--preset--spacing--small);padding-left:var(--wp--preset--spacing--xx-large)\">\n<h2 class=\"wp-block-heading has-senary-background-color has-background\">2020:<\/h2>\n\n\n\n<div class=\"wp-block-file\"><a id=\"wp-block-file--media-3fbbf748-cdc7-4fe9-a618-72eb46107c70\" href=\"https:\/\/redphoenix.news\/wp-content\/uploads\/2026\/04\/RP-16-Oct-2020.pdf\">RP #16 Oct 2020<\/a><\/div>\n\n\n\n<div class=\"wp-block-file\"><a id=\"wp-block-file--media-bdaf34eb-4d1c-4a29-8348-6cd928a67246\" href=\"https:\/\/redphoenix.news\/wp-content\/uploads\/2026\/04\/RP-15-Aug-2020.pdf\">RP #15 Agosto 2020<\/a><\/div>\n\n\n\n<div class=\"wp-block-file\"><a id=\"wp-block-file--media-bc2213d1-1925-4f3e-a620-32e987545577\" href=\"https:\/\/redphoenix.news\/wp-content\/uploads\/2026\/04\/RP-14-June-2020.pdf\">RP #14 Junio 2020<\/a><\/div>\n\n\n\n<div class=\"wp-block-file\"><a id=\"wp-block-file--media-056a23e4-2372-47cf-9b17-aaa14c038b99\" href=\"https:\/\/redphoenix.news\/wp-content\/uploads\/2026\/04\/RP-13-Apr-2020.pdf\">RP #13 Abr 2020<\/a><\/div>\n\n\n\n<div class=\"wp-block-file\"><a id=\"wp-block-file--media-a6701cf6-e677-464e-8664-e4facf92e1ea\" href=\"https:\/\/redphoenix.news\/wp-content\/uploads\/2026\/04\/RP-12-Feb-2020.pdf\">RP #12 Febrero 2020<\/a><\/div>\n<\/div>\n<\/div>\n<\/div>\n\n\n\n<div class=\"wp-block-columns is-layout-flex wp-container-core-columns-is-layout-28f84493 wp-block-columns-is-layout-flex\">\n<div class=\"wp-block-column is-layout-flow wp-block-column-is-layout-flow\">\n<div class=\"wp-block-group has-senary-background-color has-background has-global-padding is-layout-constrained wp-container-core-group-is-layout-ce6cbc81 wp-block-group-is-layout-constrained\" style=\"padding-top:var(--wp--preset--spacing--small);padding-right:var(--wp--preset--spacing--xx-large);padding-bottom:var(--wp--preset--spacing--small);padding-left:var(--wp--preset--spacing--xx-large)\">\n<h2 class=\"wp-block-heading has-senary-background-color has-background\">2019:<\/h2>\n\n\n\n<div class=\"wp-block-file\"><a id=\"wp-block-file--media-529cbd77-eadb-4aa5-8a55-bf7e3c56c552\" href=\"https:\/\/redphoenix.news\/wp-content\/uploads\/2026\/04\/RP-11-Oct-2019.pdf\">RP #11 Octubre 2019<\/a><\/div>\n\n\n\n<div class=\"wp-block-file\"><a id=\"wp-block-file--media-80cbab48-4d55-4320-99ef-d452ccf35cf5\" href=\"https:\/\/redphoenix.news\/wp-content\/uploads\/2026\/04\/RP-9-June-2019.pdf\">RP #9 Junio 2019<\/a><\/div>\n\n\n\n<div class=\"wp-block-file\"><a id=\"wp-block-file--media-38e85f02-e9e0-4138-8e98-454514e01b2a\" href=\"https:\/\/redphoenix.news\/wp-content\/uploads\/2026\/04\/RP-8-Apr-2019.pdf\">RP #8 Abril 2019<\/a><\/div>\n\n\n\n<div class=\"wp-block-file\"><a id=\"wp-block-file--media-ed5b9c80-a70e-447a-893f-e45642a2fc89\" href=\"https:\/\/redphoenix.news\/wp-content\/uploads\/2026\/04\/RP-7-Feb-2019.pdf\">RP #7 Febrero 2019<\/a><\/div>\n<\/div>\n<\/div>\n\n\n\n<div class=\"wp-block-column is-layout-flow wp-block-column-is-layout-flow\">\n<div class=\"wp-block-group has-senary-background-color has-background has-global-padding is-layout-constrained wp-container-core-group-is-layout-ce6cbc81 wp-block-group-is-layout-constrained\" style=\"padding-top:var(--wp--preset--spacing--small);padding-right:var(--wp--preset--spacing--xx-large);padding-bottom:var(--wp--preset--spacing--small);padding-left:var(--wp--preset--spacing--xx-large)\">\n<h2 class=\"wp-block-heading has-senary-background-color has-background\">2018:<\/h2>\n\n\n\n<div class=\"wp-block-file\"><a id=\"wp-block-file--media-7b6af264-6e50-4c46-97eb-20ed34b29a34\" href=\"https:\/\/redphoenix.news\/wp-content\/uploads\/2026\/04\/RP-6-Oct-2018.pdf\">RP #6 Octubre 2018<\/a><\/div>\n\n\n\n<div class=\"wp-block-file\"><a id=\"wp-block-file--media-56e74b2c-c64c-4383-9739-200c7df5d9aa\" href=\"https:\/\/redphoenix.news\/wp-content\/uploads\/2026\/04\/RP-5-Aug-2018.pdf\">RP #5 Agosto 2018<\/a><\/div>\n\n\n\n<div class=\"wp-block-file\"><a id=\"wp-block-file--media-b24b074e-1661-41cc-b1ec-62a9b54d91f0\" href=\"https:\/\/redphoenix.news\/wp-content\/uploads\/2026\/04\/RP-4-June-2018.pdf\">RP #4 Junio 2018<\/a><\/div>\n\n\n\n<div class=\"wp-block-file\"><a id=\"wp-block-file--media-15fa834e-6980-454d-a76e-03ac038d241d\" href=\"https:\/\/redphoenix.news\/wp-content\/uploads\/2026\/04\/RP-3-Apr-2018.pdf\">RP #3 Abril 2018<\/a><\/div>\n\n\n\n<div class=\"wp-block-file\"><a id=\"wp-block-file--media-b02a985f-2bea-4a69-b045-cbbdeaf9842b\" href=\"https:\/\/redphoenix.news\/wp-content\/uploads\/2026\/04\/RP-2-Jan-2018.pdf\">RP #2 enero 2018<\/a><\/div>\n<\/div>\n<\/div>\n<\/div>\n\n\n\n<div class=\"wp-block-columns is-layout-flex wp-container-core-columns-is-layout-28f84493 wp-block-columns-is-layout-flex\">\n<div class=\"wp-block-column is-layout-flow wp-block-column-is-layout-flow\">\n<div class=\"wp-block-group has-senary-background-color has-background has-global-padding is-layout-constrained wp-container-core-group-is-layout-ce6cbc81 wp-block-group-is-layout-constrained\" style=\"padding-top:var(--wp--preset--spacing--small);padding-right:var(--wp--preset--spacing--xx-large);padding-bottom:var(--wp--preset--spacing--small);padding-left:var(--wp--preset--spacing--xx-large)\">\n<h2 class=\"wp-block-heading has-senary-background-color has-background\">2017:<\/h2>\n\n\n\n<div class=\"wp-block-file\"><a id=\"wp-block-file--media-c3d02e01-03b2-4f60-b89e-b841f336bfc5\" href=\"https:\/\/redphoenix.news\/wp-content\/uploads\/2026\/04\/RP-1-Nov-2017.pdf\">RP #1 Noviembre 2017<\/a><\/div>\n<\/div>\n<\/div>\n\n\n\n<div class=\"wp-block-column is-layout-flow wp-block-column-is-layout-flow\"><\/div>\n<\/div>\n<\/div>","protected":false},"excerpt":{"rendered":"<p>Past Print Editions Below are free .PDFs of every past issue of The Red Phoenix print edition. We encourage you to share online or print..<\/p>","protected":false},"author":7,"featured_media":41126,"parent":0,"menu_order":0,"comment_status":"closed","ping_status":"closed","template":"page-right-sidebar","meta":{"nf_dc_page":"","_monsterinsights_skip_tracking":false,"_monsterinsights_sitenote_active":false,"_monsterinsights_sitenote_note":"","_monsterinsights_sitenote_category":0,"jetpack_post_was_ever_published":false,"footnotes":""},"class_list":["post-41534","page","type-page","status-publish","has-post-thumbnail","hentry"],"jetpack_sharing_enabled":true,"_links":{"self":[{"href":"https:\/\/redphoenix.news\/es\/wp-json\/wp\/v2\/pages\/41534","targetHints":{"allow":["GET"]}}],"collection":[{"href":"https:\/\/redphoenix.news\/es\/wp-json\/wp\/v2\/pages"}],"about":[{"href":"https:\/\/redphoenix.news\/es\/wp-json\/wp\/v2\/types\/page"}],"author":[{"embeddable":true,"href":"https:\/\/redphoenix.news\/es\/wp-json\/wp\/v2\/users\/7"}],"replies":[{"embeddable":true,"href":"https:\/\/redphoenix.news\/es\/wp-json\/wp\/v2\/comments?post=41534"}],"version-history":[{"count":4,"href":"https:\/\/redphoenix.news\/es\/wp-json\/wp\/v2\/pages\/41534\/revisions"}],"predecessor-version":[{"id":41586,"href":"https:\/\/redphoenix.news\/es\/wp-json\/wp\/v2\/pages\/41534\/revisions\/41586"}],"wp:featuredmedia":[{"embeddable":true,"href":"https:\/\/redphoenix.news\/es\/wp-json\/wp\/v2\/media\/41126"}],"wp:attachment":[{"href":"https:\/\/redphoenix.news\/es\/wp-json\/wp\/v2\/media?parent=41534"}],"curies":[{"name":"wp","href":"https:\/\/api.w.org\/{rel}","templated":true}]}}